{"id":7332,"date":"2024-11-05T11:20:39","date_gmt":"2024-11-05T14:20:39","guid":{"rendered":"https:\/\/mondaysites.com.br\/kimadeiras\/?page_id=7332"},"modified":"2025-12-03T06:47:12","modified_gmt":"2025-12-03T09:47:12","slug":"blog","status":"publish","type":"page","link":"https:\/\/mondaysites.com.br\/kimadeiras\/blog\/","title":{"rendered":"Blog"},"content":{"rendered":"\t\t<div data-elementor-type=\"wp-page\" data-elementor-id=\"7332\" class=\"elementor elementor-7332\">\n\t\t\t\t\t\t<section class=\"elementor-section elementor-top-section elementor-element elementor-element-786ea1bd elementor-section-content-top elementor-section-height-full animated-slow elementor-section-boxed elementor-section-height-default elementor-section-items-middle elementor-invisible\" data-id=\"786ea1bd\" data-element_type=\"section\" data-settings=\"{&quot;background_background&quot;:&quot;classic&quot;,&quot;background_motion_fx_motion_fx_scrolling&quot;:&quot;yes&quot;,&quot;background_motion_fx_translateY_effect&quot;:&quot;yes&quot;,&quot;background_motion_fx_translateY_speed&quot;:{&quot;unit&quot;:&quot;px&quot;,&quot;size&quot;:5.4,&quot;sizes&quot;:[]},&quot;animation&quot;:&quot;fadeIn&quot;,&quot;background_motion_fx_translateY_affectedRange&quot;:{&quot;unit&quot;:&quot;%&quot;,&quot;size&quot;:&quot;&quot;,&quot;sizes&quot;:{&quot;start&quot;:0,&quot;end&quot;:100}},&quot;background_motion_fx_devices&quot;:[&quot;desktop&quot;,&quot;tablet&quot;,&quot;mobile&quot;]}\">\n\t\t\t\t\t\t\t<div class=\"elementor-background-overlay\"><\/div>\n\t\t\t\t\t\t\t<div class=\"elementor-container elementor-column-gap-extended\">\n\t\t\t\t\t<div class=\"elementor-column elementor-col-100 elementor-top-column elementor-element elementor-element-ce7cdd1\" data-id=\"ce7cdd1\" data-element_type=\"column\">\n\t\t\t<div class=\"elementor-widget-wrap elementor-element-populated\">\n\t\t\t\t\t\t<div class=\"elementor-element elementor-element-57ee7103 elementor-invisible elementor-widget elementor-widget-heading\" data-id=\"57ee7103\" data-element_type=\"widget\" data-settings=\"{&quot;_animation&quot;:&quot;fadeIn&quot;}\" data-widget_type=\"heading.default\">\n\t\t\t\t<div class=\"elementor-widget-container\">\n\t\t\t\t\t<h1 class=\"elementor-heading-title elementor-size-default\">Dicas e Tend\u00eancias em Embalagens<br>e Log\u00edstica Sustent\u00e1vel<\/h1>\t\t\t\t<\/div>\n\t\t\t\t<\/div>\n\t\t\t\t<div class=\"elementor-element elementor-element-5b0efb1 elementor-widget elementor-widget-heading\" data-id=\"5b0efb1\" data-element_type=\"widget\" data-widget_type=\"heading.default\">\n\t\t\t\t<div class=\"elementor-widget-container\">\n\t\t\t\t\t<p class=\"elementor-heading-title elementor-size-default\">Acompanhe conte\u00fados e novidades do setor<br>para melhorar a sua opera\u00e7\u00e3o.<\/p>\t\t\t\t<\/div>\n\t\t\t\t<\/div>\n\t\t\t\t<div class=\"elementor-element elementor-element-7b98e0c9 elementor-widget elementor-widget-spacer\" data-id=\"7b98e0c9\" data-element_type=\"widget\" data-widget_type=\"spacer.default\">\n\t\t\t\t<div class=\"elementor-widget-container\">\n\t\t\t\t\t\t\t<div class=\"elementor-spacer\">\n\t\t\t<div class=\"elementor-spacer-inner\"><\/div>\n\t\t<\/div>\n\t\t\t\t\t\t<\/div>\n\t\t\t\t<\/div>\n\t\t\t\t\t<\/div>\n\t\t<\/div>\n\t\t\t\t\t<\/div>\n\t\t<\/section>\n\t\t\t\t<section class=\"elementor-section elementor-top-section elementor-element elementor-element-1f25dcd7 elementor-section-content-top elementor-section-boxed elementor-section-height-default elementor-section-height-default\" data-id=\"1f25dcd7\" data-element_type=\"section\">\n\t\t\t\t\t\t<div class=\"elementor-container elementor-column-gap-extended\">\n\t\t\t\t\t<div class=\"elementor-column elementor-col-100 elementor-top-column elementor-element elementor-element-4c6b0564\" data-id=\"4c6b0564\" data-element_type=\"column\">\n\t\t\t<div class=\"elementor-widget-wrap elementor-element-populated\">\n\t\t\t\t\t\t<div class=\"elementor-element elementor-element-498aea58 elementor-widget elementor-widget-spacer\" data-id=\"498aea58\" data-element_type=\"widget\" data-widget_type=\"spacer.default\">\n\t\t\t\t<div class=\"elementor-widget-container\">\n\t\t\t\t\t\t\t<div class=\"elementor-spacer\">\n\t\t\t<div class=\"elementor-spacer-inner\"><\/div>\n\t\t<\/div>\n\t\t\t\t\t\t<\/div>\n\t\t\t\t<\/div>\n\t\t\t\t<div class=\"elementor-element elementor-element-67c649ff elementor-invisible elementor-widget elementor-widget-heading\" data-id=\"67c649ff\" data-element_type=\"widget\" data-settings=\"{&quot;_animation&quot;:&quot;fadeIn&quot;}\" data-widget_type=\"heading.default\">\n\t\t\t\t<div class=\"elementor-widget-container\">\n\t\t\t\t\t<h2 class=\"elementor-heading-title elementor-size-default\"><br><br>Artigos Educativos<\/h2>\t\t\t\t<\/div>\n\t\t\t\t<\/div>\n\t\t\t\t<div class=\"elementor-element elementor-element-6bd775c8 elementor-widget-divider--view-line elementor-widget elementor-widget-divider\" data-id=\"6bd775c8\" data-element_type=\"widget\" data-widget_type=\"divider.default\">\n\t\t\t\t<div class=\"elementor-widget-container\">\n\t\t\t\t\t\t\t<div class=\"elementor-divider\">\n\t\t\t<span class=\"elementor-divider-separator\">\n\t\t\t\t\t\t<\/span>\n\t\t<\/div>\n\t\t\t\t\t\t<\/div>\n\t\t\t\t<\/div>\n\t\t\t\t<div class=\"elementor-element elementor-element-74769268 elementor-widget elementor-widget-text-editor\" data-id=\"74769268\" data-element_type=\"widget\" data-widget_type=\"text-editor.default\">\n\t\t\t\t<div class=\"elementor-widget-container\">\n\t\t\t\t\t\t\t\t\t<p>No Blog da Kimadeiras, voc\u00ea encontra artigos com dicas pr\u00e1ticas sobre armazenamento, transporte e log\u00edstica sustent\u00e1vel. Nossos conte\u00fados s\u00e3o pensados para ajudar empresas a otimizar processos, reduzir custos e implementar pr\u00e1ticas ambientalmente respons\u00e1veis.<\/p>\t\t\t\t\t\t\t\t<\/div>\n\t\t\t\t<\/div>\n\t\t\t\t\t<\/div>\n\t\t<\/div>\n\t\t\t\t\t<\/div>\n\t\t<\/section>\n\t\t\t\t<section class=\"elementor-section elementor-top-section elementor-element elementor-element-445dba86 elementor-section-content-top elementor-section-boxed elementor-section-height-default elementor-section-height-default elementor-invisible\" data-id=\"445dba86\" data-element_type=\"section\" data-settings=\"{&quot;animation&quot;:&quot;fadeInDown&quot;}\">\n\t\t\t\t\t\t<div class=\"elementor-container elementor-column-gap-extended\">\n\t\t\t\t\t<div class=\"elementor-column elementor-col-100 elementor-top-column elementor-element elementor-element-79670fe\" data-id=\"79670fe\" data-element_type=\"column\">\n\t\t\t<div class=\"elementor-widget-wrap elementor-element-populated\">\n\t\t\t\t\t\t<div class=\"elementor-element elementor-element-6471765 elementor-grid-3 elementor-grid-tablet-2 elementor-grid-mobile-1 elementor-posts--thumbnail-top elementor-widget elementor-widget-posts\" data-id=\"6471765\" data-element_type=\"widget\" data-settings=\"{&quot;classic_columns&quot;:&quot;3&quot;,&quot;classic_columns_tablet&quot;:&quot;2&quot;,&quot;classic_columns_mobile&quot;:&quot;1&quot;,&quot;classic_row_gap&quot;:{&quot;unit&quot;:&quot;px&quot;,&quot;size&quot;:35,&quot;sizes&quot;:[]},&quot;classic_row_gap_tablet&quot;:{&quot;unit&quot;:&quot;px&quot;,&quot;size&quot;:&quot;&quot;,&quot;sizes&quot;:[]},&quot;classic_row_gap_mobile&quot;:{&quot;unit&quot;:&quot;px&quot;,&quot;size&quot;:&quot;&quot;,&quot;sizes&quot;:[]}}\" data-widget_type=\"posts.classic\">\n\t\t\t\t<div class=\"elementor-widget-container\">\n\t\t\t\t\t\t\t<div class=\"elementor-posts-container elementor-posts elementor-posts--skin-classic elementor-grid\">\n\t\t\t\t<article class=\"elementor-post elementor-grid-item post-7407 post type-post status-publish format-standard has-post-thumbnail hentry category-blog\">\n\t\t\t\t<a class=\"elementor-post__thumbnail__link\" href=\"https:\/\/mondaysites.com.br\/kimadeiras\/logistica-sustentavel-e-eficiencia-no-armazenamento\/\" >\n\t\t\t<div class=\"elementor-post__thumbnail\"><img fetchpriority=\"high\" decoding=\"async\" width=\"300\" height=\"300\" src=\"https:\/\/mondaysites.com.br\/kimadeiras\/wp-content\/uploads\/2025\/12\/Prancheta-11-copiar-4-300x300.jpg\" class=\"attachment-medium size-medium wp-image-8230\" alt=\"\" srcset=\"https:\/\/mondaysites.com.br\/kimadeiras\/wp-content\/uploads\/2025\/12\/Prancheta-11-copiar-4-300x300.jpg 300w, https:\/\/mondaysites.com.br\/kimadeiras\/wp-content\/uploads\/2025\/12\/Prancheta-11-copiar-4-1024x1024.jpg 1024w, https:\/\/mondaysites.com.br\/kimadeiras\/wp-content\/uploads\/2025\/12\/Prancheta-11-copiar-4-150x150.jpg 150w, https:\/\/mondaysites.com.br\/kimadeiras\/wp-content\/uploads\/2025\/12\/Prancheta-11-copiar-4-768x768.jpg 768w, https:\/\/mondaysites.com.br\/kimadeiras\/wp-content\/uploads\/2025\/12\/Prancheta-11-copiar-4.jpg 1080w\" sizes=\"(max-width: 300px) 100vw, 300px\" \/><\/div>\n\t\t<\/a>\n\t\t\t\t<div class=\"elementor-post__text\">\n\t\t\t\t<h3 class=\"elementor-post__title\">\n\t\t\t<a href=\"https:\/\/mondaysites.com.br\/kimadeiras\/logistica-sustentavel-e-eficiencia-no-armazenamento\/\" >\n\t\t\t\tLog\u00edstica Sustent\u00e1vel e Efici\u00eancia no Armazenamento\t\t\t<\/a>\n\t\t<\/h3>\n\t\t\t\t<div class=\"elementor-post__excerpt\">\n\t\t\t\t\t<\/div>\n\t\t\t\t\t<a class=\"elementor-post__read-more\" href=\"https:\/\/mondaysites.com.br\/kimadeiras\/logistica-sustentavel-e-eficiencia-no-armazenamento\/\" >\n\t\t\t\tContinue lendo \u00bb\t\t\t<\/a>\n\t\t\t\t<\/div>\n\t\t\t\t<\/article>\n\t\t\t\t<article class=\"elementor-post elementor-grid-item post-7406 post type-post status-publish format-standard has-post-thumbnail hentry category-blog\">\n\t\t\t\t<a class=\"elementor-post__thumbnail__link\" href=\"https:\/\/mondaysites.com.br\/kimadeiras\/cuidados-com-embalagens-de-madeira\/\" >\n\t\t\t<div class=\"elementor-post__thumbnail\"><img decoding=\"async\" width=\"300\" height=\"300\" src=\"https:\/\/mondaysites.com.br\/kimadeiras\/wp-content\/uploads\/2025\/12\/Prancheta-5-300x300.jpg\" class=\"attachment-medium size-medium wp-image-8222\" alt=\"\" srcset=\"https:\/\/mondaysites.com.br\/kimadeiras\/wp-content\/uploads\/2025\/12\/Prancheta-5-300x300.jpg 300w, https:\/\/mondaysites.com.br\/kimadeiras\/wp-content\/uploads\/2025\/12\/Prancheta-5-1024x1024.jpg 1024w, https:\/\/mondaysites.com.br\/kimadeiras\/wp-content\/uploads\/2025\/12\/Prancheta-5-150x150.jpg 150w, https:\/\/mondaysites.com.br\/kimadeiras\/wp-content\/uploads\/2025\/12\/Prancheta-5-768x768.jpg 768w, https:\/\/mondaysites.com.br\/kimadeiras\/wp-content\/uploads\/2025\/12\/Prancheta-5.jpg 1080w\" sizes=\"(max-width: 300px) 100vw, 300px\" \/><\/div>\n\t\t<\/a>\n\t\t\t\t<div class=\"elementor-post__text\">\n\t\t\t\t<h3 class=\"elementor-post__title\">\n\t\t\t<a href=\"https:\/\/mondaysites.com.br\/kimadeiras\/cuidados-com-embalagens-de-madeira\/\" >\n\t\t\t\tCuidados com Embalagens de Madeira\t\t\t<\/a>\n\t\t<\/h3>\n\t\t\t\t<div class=\"elementor-post__excerpt\">\n\t\t\t\t\t<\/div>\n\t\t\t\t\t<a class=\"elementor-post__read-more\" href=\"https:\/\/mondaysites.com.br\/kimadeiras\/cuidados-com-embalagens-de-madeira\/\" >\n\t\t\t\tContinue lendo \u00bb\t\t\t<\/a>\n\t\t\t\t<\/div>\n\t\t\t\t<\/article>\n\t\t\t\t<article class=\"elementor-post elementor-grid-item post-7405 post type-post status-publish format-standard has-post-thumbnail hentry category-blog\">\n\t\t\t\t<a class=\"elementor-post__thumbnail__link\" href=\"https:\/\/mondaysites.com.br\/kimadeiras\/como-escolher-o-palete-certo-para-cada-aplicacao\/\" >\n\t\t\t<div class=\"elementor-post__thumbnail\"><img decoding=\"async\" width=\"300\" height=\"300\" src=\"https:\/\/mondaysites.com.br\/kimadeiras\/wp-content\/uploads\/2025\/12\/Prancheta-11-300x300.jpg\" class=\"attachment-medium size-medium wp-image-8233\" alt=\"\" srcset=\"https:\/\/mondaysites.com.br\/kimadeiras\/wp-content\/uploads\/2025\/12\/Prancheta-11-300x300.jpg 300w, https:\/\/mondaysites.com.br\/kimadeiras\/wp-content\/uploads\/2025\/12\/Prancheta-11-1024x1024.jpg 1024w, https:\/\/mondaysites.com.br\/kimadeiras\/wp-content\/uploads\/2025\/12\/Prancheta-11-150x150.jpg 150w, https:\/\/mondaysites.com.br\/kimadeiras\/wp-content\/uploads\/2025\/12\/Prancheta-11-768x768.jpg 768w, https:\/\/mondaysites.com.br\/kimadeiras\/wp-content\/uploads\/2025\/12\/Prancheta-11.jpg 1080w\" sizes=\"(max-width: 300px) 100vw, 300px\" \/><\/div>\n\t\t<\/a>\n\t\t\t\t<div class=\"elementor-post__text\">\n\t\t\t\t<h3 class=\"elementor-post__title\">\n\t\t\t<a href=\"https:\/\/mondaysites.com.br\/kimadeiras\/como-escolher-o-palete-certo-para-cada-aplicacao\/\" >\n\t\t\t\tComo Escolher o Palete Certo para Cada Aplica\u00e7\u00e3o\t\t\t<\/a>\n\t\t<\/h3>\n\t\t\t\t<div class=\"elementor-post__excerpt\">\n\t\t\t\t\t<\/div>\n\t\t\t\t\t<a class=\"elementor-post__read-more\" href=\"https:\/\/mondaysites.com.br\/kimadeiras\/como-escolher-o-palete-certo-para-cada-aplicacao\/\" >\n\t\t\t\tContinue lendo \u00bb\t\t\t<\/a>\n\t\t\t\t<\/div>\n\t\t\t\t<\/article>\n\t\t\t\t<\/div>\n\n\n\t\t\n\t\t\t\t\t\t<\/div>\n\t\t\t\t<\/div>\n\t\t\t\t\t<\/div>\n\t\t<\/div>\n\t\t\t\t\t<\/div>\n\t\t<\/section>\n\t\t\t\t<section class=\"elementor-section elementor-top-section elementor-element elementor-element-37b17ad elementor-section-content-top elementor-section-boxed elementor-section-height-default elementor-section-height-default\" data-id=\"37b17ad\" data-element_type=\"section\" data-settings=\"{&quot;background_background&quot;:&quot;classic&quot;}\">\n\t\t\t\t\t\t\t<div class=\"elementor-background-overlay\"><\/div>\n\t\t\t\t\t\t\t<div class=\"elementor-container elementor-column-gap-extended\">\n\t\t\t\t\t<div class=\"elementor-column elementor-col-100 elementor-top-column elementor-element elementor-element-49e21fb\" data-id=\"49e21fb\" data-element_type=\"column\">\n\t\t\t<div class=\"elementor-widget-wrap elementor-element-populated\">\n\t\t\t\t\t\t<div class=\"elementor-element elementor-element-e0a0013 elementor-widget elementor-widget-spacer\" data-id=\"e0a0013\" data-element_type=\"widget\" data-widget_type=\"spacer.default\">\n\t\t\t\t<div class=\"elementor-widget-container\">\n\t\t\t\t\t\t\t<div class=\"elementor-spacer\">\n\t\t\t<div class=\"elementor-spacer-inner\"><\/div>\n\t\t<\/div>\n\t\t\t\t\t\t<\/div>\n\t\t\t\t<\/div>\n\t\t\t\t<section class=\"elementor-section elementor-inner-section elementor-element elementor-element-305df53 elementor-section-content-top elementor-section-boxed elementor-section-height-default elementor-section-height-default\" data-id=\"305df53\" data-element_type=\"section\">\n\t\t\t\t\t\t<div class=\"elementor-container elementor-column-gap-extended\">\n\t\t\t\t\t<div class=\"elementor-column elementor-col-100 elementor-inner-column elementor-element elementor-element-3c5919d\" data-id=\"3c5919d\" data-element_type=\"column\">\n\t\t\t<div class=\"elementor-widget-wrap elementor-element-populated\">\n\t\t\t\t\t\t<div class=\"elementor-element elementor-element-6183cad elementor-invisible elementor-widget elementor-widget-heading\" data-id=\"6183cad\" data-element_type=\"widget\" data-settings=\"{&quot;_animation&quot;:&quot;fadeIn&quot;}\" data-widget_type=\"heading.default\">\n\t\t\t\t<div class=\"elementor-widget-container\">\n\t\t\t\t\t<h2 class=\"elementor-heading-title elementor-size-default\">Quer receber dicas exclusivas e atualiza\u00e7\u00f5es diretamente no seu e-mail? <\/h2>\t\t\t\t<\/div>\n\t\t\t\t<\/div>\n\t\t\t\t<div class=\"elementor-element elementor-element-2c479ce elementor-widget elementor-widget-heading\" data-id=\"2c479ce\" data-element_type=\"widget\" data-widget_type=\"heading.default\">\n\t\t\t\t<div class=\"elementor-widget-container\">\n\t\t\t\t\t<p class=\"elementor-heading-title elementor-size-default\">Assine nossa newsletter e esteja sempre informado sobre as melhores pr\u00e1ticas<br>de transporte e sustentabilidade para o seu neg\u00f3cio.<\/p>\t\t\t\t<\/div>\n\t\t\t\t<\/div>\n\t\t\t\t<div class=\"elementor-element elementor-element-b6bd9b6 elementor-button-align-stretch elementor-widget elementor-widget-form\" data-id=\"b6bd9b6\" data-element_type=\"widget\" data-settings=\"{&quot;step_next_label&quot;:&quot;Next&quot;,&quot;step_previous_label&quot;:&quot;Previous&quot;,&quot;button_width&quot;:&quot;100&quot;,&quot;step_type&quot;:&quot;number_text&quot;,&quot;step_icon_shape&quot;:&quot;circle&quot;}\" data-widget_type=\"form.default\">\n\t\t\t\t<div class=\"elementor-widget-container\">\n\t\t\t\t\t\t\t<form class=\"elementor-form\" method=\"post\" name=\"New Form\">\n\t\t\t<input type=\"hidden\" name=\"post_id\" value=\"7332\"\/>\n\t\t\t<input type=\"hidden\" name=\"form_id\" value=\"b6bd9b6\"\/>\n\t\t\t<input type=\"hidden\" name=\"referer_title\" value=\"Kimadeiras\" \/>\n\n\t\t\t\n\t\t\t<div class=\"elementor-form-fields-wrapper elementor-labels-above\">\n\t\t\t\t\t\t\t\t<div class=\"elementor-field-type-email elementor-field-group elementor-column elementor-field-group-email elementor-col-100 elementor-field-required\">\n\t\t\t\t\t\t\t\t\t\t\t\t\t<input size=\"1\" type=\"email\" name=\"form_fields[email]\" id=\"form-field-email\" class=\"elementor-field elementor-size-sm  elementor-field-textual\" placeholder=\"E-mail\" required=\"required\" aria-required=\"true\">\n\t\t\t\t\t\t\t\t\t\t\t<\/div>\n\t\t\t\t\t\t\t\t<div class=\"elementor-field-group elementor-column elementor-field-type-submit elementor-col-100 e-form__buttons\">\n\t\t\t\t\t<button type=\"submit\" class=\"elementor-button elementor-size-sm\">\n\t\t\t\t\t\t<span >\n\t\t\t\t\t\t\t\t\t\t\t\t\t\t\t<span class=\" elementor-button-icon\">\n\t\t\t\t\t\t\t\t\t\t\t\t\t\t\t\t\t\t\t\t\t\t\t\t\t\t<\/span>\n\t\t\t\t\t\t\t\t\t\t\t\t\t\t\t\t\t\t\t\t\t\t<span class=\"elementor-button-text\">Assinar Newsletter<\/span>\n\t\t\t\t\t\t\t\t\t\t\t\t\t<\/span>\n\t\t\t\t\t<\/button>\n\t\t\t\t<\/div>\n\t\t\t<\/div>\n\t\t<\/form>\n\t\t\t\t\t\t<\/div>\n\t\t\t\t<\/div>\n\t\t\t\t\t<\/div>\n\t\t<\/div>\n\t\t\t\t\t<\/div>\n\t\t<\/section>\n\t\t\t\t<div class=\"elementor-element elementor-element-5c64b62 elementor-widget elementor-widget-spacer\" data-id=\"5c64b62\" data-element_type=\"widget\" data-widget_type=\"spacer.default\">\n\t\t\t\t<div class=\"elementor-widget-container\">\n\t\t\t\t\t\t\t<div class=\"elementor-spacer\">\n\t\t\t<div class=\"elementor-spacer-inner\"><\/div>\n\t\t<\/div>\n\t\t\t\t\t\t<\/div>\n\t\t\t\t<\/div>\n\t\t\t\t\t<\/div>\n\t\t<\/div>\n\t\t\t\t\t<\/div>\n\t\t<\/section>\n\t\t\t\t<\/div>\n\t\t","protected":false},"excerpt":{"rendered":"<p>Dicas e Tend\u00eancias em Embalagense Log\u00edstica Sustent\u00e1vel Acompanhe conte\u00fados e novidades do setorpara melhorar a sua opera\u00e7\u00e3o. Artigos Educativos No Blog da Kimadeiras, voc\u00ea encontra artigos com dicas pr\u00e1ticas sobre armazenamento, transporte e log\u00edstica sustent\u00e1vel. Nossos conte\u00fados s\u00e3o pensados para ajudar empresas a otimizar processos, reduzir custos e implementar pr\u00e1ticas ambientalmente respons\u00e1veis. Quer receber dicas [&hellip;]<\/p>\n","protected":false},"author":1,"featured_media":0,"parent":0,"menu_order":0,"comment_status":"closed","ping_status":"closed","template":"elementor_header_footer","meta":{"footnotes":""},"class_list":["post-7332","page","type-page","status-publish","hentry"],"yoast_head":"<!-- This site is optimized with the Yoast SEO plugin v26.4 - https:\/\/yoast.com\/wordpress\/plugins\/seo\/ -->\n<title>Blog Recursos - Dicas e Not\u00edcias sobre Madeira e Constru\u00e7\u00e3o Civil | Kimadeiras<\/title>\n<meta name=\"description\" content=\"Acompanhe o blog da Kimadeiras! Encontre artigos sobre recursos, dicas e inova\u00e7\u00f5es no uso de madeira para constru\u00e7\u00e3o civil e projetos sustent\u00e1veis.\" \/>\n<meta name=\"robots\" content=\"index, follow, max-snippet:-1, max-image-preview:large, max-video-preview:-1\" \/>\n<link rel=\"canonical\" href=\"https:\/\/mondaysites.com.br\/kimadeiras\/blog\/\" \/>\n<meta property=\"og:locale\" content=\"pt_BR\" \/>\n<meta property=\"og:type\" content=\"article\" \/>\n<meta property=\"og:title\" content=\"Blog Recursos - Dicas e Not\u00edcias sobre Madeira e Constru\u00e7\u00e3o Civil | Kimadeiras\" \/>\n<meta property=\"og:description\" content=\"Acompanhe o blog da Kimadeiras! Encontre artigos sobre recursos, dicas e inova\u00e7\u00f5es no uso de madeira para constru\u00e7\u00e3o civil e projetos sustent\u00e1veis.\" \/>\n<meta property=\"og:url\" content=\"https:\/\/mondaysites.com.br\/kimadeiras\/blog\/\" \/>\n<meta property=\"og:site_name\" content=\"Kimadeiras\" \/>\n<meta property=\"article:modified_time\" content=\"2025-12-03T09:47:12+00:00\" \/>\n<meta name=\"twitter:card\" content=\"summary_large_image\" \/>\n<meta name=\"twitter:label1\" content=\"Est. tempo de leitura\" \/>\n\t<meta name=\"twitter:data1\" content=\"2 minutos\" \/>\n<script type=\"application\/ld+json\" class=\"yoast-schema-graph\">{\"@context\":\"https:\/\/schema.org\",\"@graph\":[{\"@type\":\"WebPage\",\"@id\":\"https:\/\/mondaysites.com.br\/kimadeiras\/blog\/\",\"url\":\"https:\/\/mondaysites.com.br\/kimadeiras\/blog\/\",\"name\":\"Blog Recursos - Dicas e Not\u00edcias sobre Madeira e Constru\u00e7\u00e3o Civil | Kimadeiras\",\"isPartOf\":{\"@id\":\"https:\/\/mondaysites.com.br\/kimadeiras\/#website\"},\"datePublished\":\"2024-11-05T14:20:39+00:00\",\"dateModified\":\"2025-12-03T09:47:12+00:00\",\"description\":\"Acompanhe o blog da Kimadeiras! Encontre artigos sobre recursos, dicas e inova\u00e7\u00f5es no uso de madeira para constru\u00e7\u00e3o civil e projetos sustent\u00e1veis.\",\"breadcrumb\":{\"@id\":\"https:\/\/mondaysites.com.br\/kimadeiras\/blog\/#breadcrumb\"},\"inLanguage\":\"pt-BR\",\"potentialAction\":[{\"@type\":\"ReadAction\",\"target\":[\"https:\/\/mondaysites.com.br\/kimadeiras\/blog\/\"]}]},{\"@type\":\"BreadcrumbList\",\"@id\":\"https:\/\/mondaysites.com.br\/kimadeiras\/blog\/#breadcrumb\",\"itemListElement\":[{\"@type\":\"ListItem\",\"position\":1,\"name\":\"In\u00edcio\",\"item\":\"https:\/\/mondaysites.com.br\/kimadeiras\/\"},{\"@type\":\"ListItem\",\"position\":2,\"name\":\"Blog\"}]},{\"@type\":\"WebSite\",\"@id\":\"https:\/\/mondaysites.com.br\/kimadeiras\/#website\",\"url\":\"https:\/\/mondaysites.com.br\/kimadeiras\/\",\"name\":\"Kimadeiras\",\"description\":\"\",\"potentialAction\":[{\"@type\":\"SearchAction\",\"target\":{\"@type\":\"EntryPoint\",\"urlTemplate\":\"https:\/\/mondaysites.com.br\/kimadeiras\/?s={search_term_string}\"},\"query-input\":{\"@type\":\"PropertyValueSpecification\",\"valueRequired\":true,\"valueName\":\"search_term_string\"}}],\"inLanguage\":\"pt-BR\"}]}<\/script>\n<!-- \/ Yoast SEO plugin. -->","yoast_head_json":{"title":"Blog Recursos - Dicas e Not\u00edcias sobre Madeira e Constru\u00e7\u00e3o Civil | Kimadeiras","description":"Acompanhe o blog da Kimadeiras! Encontre artigos sobre recursos, dicas e inova\u00e7\u00f5es no uso de madeira para constru\u00e7\u00e3o civil e projetos sustent\u00e1veis.","robots":{"index":"index","follow":"follow","max-snippet":"max-snippet:-1","max-image-preview":"max-image-preview:large","max-video-preview":"max-video-preview:-1"},"canonical":"https:\/\/mondaysites.com.br\/kimadeiras\/blog\/","og_locale":"pt_BR","og_type":"article","og_title":"Blog Recursos - Dicas e Not\u00edcias sobre Madeira e Constru\u00e7\u00e3o Civil | Kimadeiras","og_description":"Acompanhe o blog da Kimadeiras! Encontre artigos sobre recursos, dicas e inova\u00e7\u00f5es no uso de madeira para constru\u00e7\u00e3o civil e projetos sustent\u00e1veis.","og_url":"https:\/\/mondaysites.com.br\/kimadeiras\/blog\/","og_site_name":"Kimadeiras","article_modified_time":"2025-12-03T09:47:12+00:00","twitter_card":"summary_large_image","twitter_misc":{"Est. tempo de leitura":"2 minutos"},"schema":{"@context":"https:\/\/schema.org","@graph":[{"@type":"WebPage","@id":"https:\/\/mondaysites.com.br\/kimadeiras\/blog\/","url":"https:\/\/mondaysites.com.br\/kimadeiras\/blog\/","name":"Blog Recursos - Dicas e Not\u00edcias sobre Madeira e Constru\u00e7\u00e3o Civil | Kimadeiras","isPartOf":{"@id":"https:\/\/mondaysites.com.br\/kimadeiras\/#website"},"datePublished":"2024-11-05T14:20:39+00:00","dateModified":"2025-12-03T09:47:12+00:00","description":"Acompanhe o blog da Kimadeiras! Encontre artigos sobre recursos, dicas e inova\u00e7\u00f5es no uso de madeira para constru\u00e7\u00e3o civil e projetos sustent\u00e1veis.","breadcrumb":{"@id":"https:\/\/mondaysites.com.br\/kimadeiras\/blog\/#breadcrumb"},"inLanguage":"pt-BR","potentialAction":[{"@type":"ReadAction","target":["https:\/\/mondaysites.com.br\/kimadeiras\/blog\/"]}]},{"@type":"BreadcrumbList","@id":"https:\/\/mondaysites.com.br\/kimadeiras\/blog\/#breadcrumb","itemListElement":[{"@type":"ListItem","position":1,"name":"In\u00edcio","item":"https:\/\/mondaysites.com.br\/kimadeiras\/"},{"@type":"ListItem","position":2,"name":"Blog"}]},{"@type":"WebSite","@id":"https:\/\/mondaysites.com.br\/kimadeiras\/#website","url":"https:\/\/mondaysites.com.br\/kimadeiras\/","name":"Kimadeiras","description":"","potentialAction":[{"@type":"SearchAction","target":{"@type":"EntryPoint","urlTemplate":"https:\/\/mondaysites.com.br\/kimadeiras\/?s={search_term_string}"},"query-input":{"@type":"PropertyValueSpecification","valueRequired":true,"valueName":"search_term_string"}}],"inLanguage":"pt-BR"}]}},"_links":{"self":[{"href":"https:\/\/mondaysites.com.br\/kimadeiras\/wp-json\/wp\/v2\/pages\/7332","targetHints":{"allow":["GET"]}}],"collection":[{"href":"https:\/\/mondaysites.com.br\/kimadeiras\/wp-json\/wp\/v2\/pages"}],"about":[{"href":"https:\/\/mondaysites.com.br\/kimadeiras\/wp-json\/wp\/v2\/types\/page"}],"author":[{"embeddable":true,"href":"https:\/\/mondaysites.com.br\/kimadeiras\/wp-json\/wp\/v2\/users\/1"}],"replies":[{"embeddable":true,"href":"https:\/\/mondaysites.com.br\/kimadeiras\/wp-json\/wp\/v2\/comments?post=7332"}],"version-history":[{"count":38,"href":"https:\/\/mondaysites.com.br\/kimadeiras\/wp-json\/wp\/v2\/pages\/7332\/revisions"}],"predecessor-version":[{"id":8248,"href":"https:\/\/mondaysites.com.br\/kimadeiras\/wp-json\/wp\/v2\/pages\/7332\/revisions\/8248"}],"wp:attachment":[{"href":"https:\/\/mondaysites.com.br\/kimadeiras\/wp-json\/wp\/v2\/media?parent=7332"}],"curies":[{"name":"wp","href":"https:\/\/api.w.org\/{rel}","templated":true}]}}