{"id":7366,"date":"2024-11-05T16:11:26","date_gmt":"2024-11-05T19:11:26","guid":{"rendered":"https:\/\/mondaysites.com.br\/kimadeiras\/?page_id=7366"},"modified":"2025-09-26T17:32:09","modified_gmt":"2025-09-26T20:32:09","slug":"paletes","status":"publish","type":"page","link":"https:\/\/mondaysites.com.br\/kimadeiras\/paletes\/","title":{"rendered":"Paletes"},"content":{"rendered":"\t\t<div data-elementor-type=\"wp-page\" data-elementor-id=\"7366\" class=\"elementor elementor-7366\">\n\t\t\t\t\t\t<section class=\"elementor-section elementor-top-section elementor-element elementor-element-2c40417 elementor-section-content-top elementor-section-height-full elementor-section-boxed elementor-section-height-default elementor-section-items-middle\" data-id=\"2c40417\" data-element_type=\"section\" data-settings=\"{&quot;background_background&quot;:&quot;classic&quot;,&quot;background_motion_fx_motion_fx_scrolling&quot;:&quot;yes&quot;,&quot;background_motion_fx_translateY_effect&quot;:&quot;yes&quot;,&quot;background_motion_fx_translateY_speed&quot;:{&quot;unit&quot;:&quot;px&quot;,&quot;size&quot;:4,&quot;sizes&quot;:[]},&quot;background_motion_fx_translateY_affectedRange&quot;:{&quot;unit&quot;:&quot;%&quot;,&quot;size&quot;:&quot;&quot;,&quot;sizes&quot;:{&quot;start&quot;:0,&quot;end&quot;:100}},&quot;background_motion_fx_devices&quot;:[&quot;desktop&quot;,&quot;tablet&quot;,&quot;mobile&quot;]}\">\n\t\t\t\t\t\t\t<div class=\"elementor-background-overlay\"><\/div>\n\t\t\t\t\t\t\t<div class=\"elementor-container elementor-column-gap-extended\">\n\t\t\t\t\t<div class=\"elementor-column elementor-col-100 elementor-top-column elementor-element elementor-element-659e12fb\" data-id=\"659e12fb\" data-element_type=\"column\">\n\t\t\t<div class=\"elementor-widget-wrap elementor-element-populated\">\n\t\t\t\t\t\t<div class=\"elementor-element elementor-element-6e577885 elementor-invisible elementor-widget elementor-widget-heading\" data-id=\"6e577885\" data-element_type=\"widget\" data-settings=\"{&quot;_animation&quot;:&quot;fadeIn&quot;}\" data-widget_type=\"heading.default\">\n\t\t\t\t<div class=\"elementor-widget-container\">\n\t\t\t\t\t<h1 class=\"elementor-heading-title elementor-size-default\">Paletes<\/h1>\t\t\t\t<\/div>\n\t\t\t\t<\/div>\n\t\t\t\t<div class=\"elementor-element elementor-element-abb504b elementor-widget elementor-widget-heading\" data-id=\"abb504b\" data-element_type=\"widget\" data-widget_type=\"heading.default\">\n\t\t\t\t<div class=\"elementor-widget-container\">\n\t\t\t\t\t<h1 class=\"elementor-heading-title elementor-size-default\">Seguran\u00e7a e Efici\u00eancia no<br>Transporte e Armazenamento<\/h1>\t\t\t\t<\/div>\n\t\t\t\t<\/div>\n\t\t\t\t<div class=\"elementor-element elementor-element-97602b4 elementor-widget elementor-widget-spacer\" data-id=\"97602b4\" data-element_type=\"widget\" data-widget_type=\"spacer.default\">\n\t\t\t\t<div class=\"elementor-widget-container\">\n\t\t\t\t\t\t\t<div class=\"elementor-spacer\">\n\t\t\t<div class=\"elementor-spacer-inner\"><\/div>\n\t\t<\/div>\n\t\t\t\t\t\t<\/div>\n\t\t\t\t<\/div>\n\t\t\t\t\t<\/div>\n\t\t<\/div>\n\t\t\t\t\t<\/div>\n\t\t<\/section>\n\t\t\t\t<section class=\"elementor-section elementor-top-section elementor-element elementor-element-51fdbac4 elementor-section-content-top elementor-reverse-tablet elementor-reverse-mobile elementor-section-boxed elementor-section-height-default elementor-section-height-default\" data-id=\"51fdbac4\" data-element_type=\"section\" data-settings=\"{&quot;background_background&quot;:&quot;classic&quot;}\">\n\t\t\t\t\t\t<div class=\"elementor-container elementor-column-gap-wider\">\n\t\t\t\t\t<div class=\"elementor-column elementor-col-50 elementor-top-column elementor-element elementor-element-1cbc1c59\" data-id=\"1cbc1c59\" data-element_type=\"column\">\n\t\t\t<div class=\"elementor-widget-wrap elementor-element-populated\">\n\t\t\t\t\t\t<div class=\"elementor-element elementor-element-696dc35a animated-slow elementor-invisible elementor-widget elementor-widget-heading\" data-id=\"696dc35a\" data-element_type=\"widget\" data-settings=\"{&quot;_animation&quot;:&quot;fadeIn&quot;}\" data-widget_type=\"heading.default\">\n\t\t\t\t<div class=\"elementor-widget-container\">\n\t\t\t\t\t<p class=\"elementor-heading-title elementor-size-default\">Paletes <\/p>\t\t\t\t<\/div>\n\t\t\t\t<\/div>\n\t\t\t\t<div class=\"elementor-element elementor-element-548e9c39 elementor-widget elementor-widget-spacer\" data-id=\"548e9c39\" data-element_type=\"widget\" data-widget_type=\"spacer.default\">\n\t\t\t\t<div class=\"elementor-widget-container\">\n\t\t\t\t\t\t\t<div class=\"elementor-spacer\">\n\t\t\t<div class=\"elementor-spacer-inner\"><\/div>\n\t\t<\/div>\n\t\t\t\t\t\t<\/div>\n\t\t\t\t<\/div>\n\t\t\t\t<div class=\"elementor-element elementor-element-5bea235e elementor-widget elementor-widget-heading\" data-id=\"5bea235e\" data-element_type=\"widget\" data-widget_type=\"heading.default\">\n\t\t\t\t<div class=\"elementor-widget-container\">\n\t\t\t\t\t<h2 class=\"elementor-heading-title elementor-size-default\">Solu\u00e7\u00f5es pr\u00e1ticas para otimizar sua log\u00edstica e proteger suas cargas.<\/h2>\t\t\t\t<\/div>\n\t\t\t\t<\/div>\n\t\t\t\t<div class=\"elementor-element elementor-element-5f525a22 elementor-widget elementor-widget-spacer\" data-id=\"5f525a22\" data-element_type=\"widget\" data-widget_type=\"spacer.default\">\n\t\t\t\t<div class=\"elementor-widget-container\">\n\t\t\t\t\t\t\t<div class=\"elementor-spacer\">\n\t\t\t<div class=\"elementor-spacer-inner\"><\/div>\n\t\t<\/div>\n\t\t\t\t\t\t<\/div>\n\t\t\t\t<\/div>\n\t\t\t\t<div class=\"elementor-element elementor-element-714c93e6 elementor-widget elementor-widget-text-editor\" data-id=\"714c93e6\" data-element_type=\"widget\" data-widget_type=\"text-editor.default\">\n\t\t\t\t<div class=\"elementor-widget-container\">\n\t\t\t\t\t\t\t\t\t<p>Os paletes da Kimadeiras s\u00e3o essenciais para o transporte e armazenamento de cargas, facilitando a log\u00edstica e a seguran\u00e7a no manuseio de materiais. Com um design que permite a locomo\u00e7\u00e3o segura de objetos, nossos paletes tamb\u00e9m evitam o contato direto das cargas com o solo, garantindo prote\u00e7\u00e3o contra danos e deteriora\u00e7\u00e3o.<\/p>\t\t\t\t\t\t\t\t<\/div>\n\t\t\t\t<\/div>\n\t\t\t\t<div class=\"elementor-element elementor-element-6e4f2263 elementor-widget elementor-widget-spacer\" data-id=\"6e4f2263\" data-element_type=\"widget\" data-widget_type=\"spacer.default\">\n\t\t\t\t<div class=\"elementor-widget-container\">\n\t\t\t\t\t\t\t<div class=\"elementor-spacer\">\n\t\t\t<div class=\"elementor-spacer-inner\"><\/div>\n\t\t<\/div>\n\t\t\t\t\t\t<\/div>\n\t\t\t\t<\/div>\n\t\t\t\t\t<\/div>\n\t\t<\/div>\n\t\t\t\t<div class=\"elementor-column elementor-col-50 elementor-top-column elementor-element elementor-element-5c8a3d20\" data-id=\"5c8a3d20\" data-element_type=\"column\">\n\t\t\t<div class=\"elementor-widget-wrap elementor-element-populated\">\n\t\t\t\t\t\t<div class=\"elementor-element elementor-element-7c74022 animated-slow elementor-invisible elementor-widget elementor-widget-image\" data-id=\"7c74022\" data-element_type=\"widget\" data-settings=\"{&quot;_animation&quot;:&quot;fadeIn&quot;}\" data-widget_type=\"image.default\">\n\t\t\t\t<div class=\"elementor-widget-container\">\n\t\t\t\t\t\t\t\t\t\t\t\t\t\t\t<img fetchpriority=\"high\" decoding=\"async\" width=\"500\" height=\"500\" src=\"https:\/\/mondaysites.com.br\/kimadeiras\/wp-content\/uploads\/2024\/12\/palete-1.png\" class=\"attachment-large size-large wp-image-7618\" alt=\"\" srcset=\"https:\/\/mondaysites.com.br\/kimadeiras\/wp-content\/uploads\/2024\/12\/palete-1.png 500w, https:\/\/mondaysites.com.br\/kimadeiras\/wp-content\/uploads\/2024\/12\/palete-1-300x300.png 300w, https:\/\/mondaysites.com.br\/kimadeiras\/wp-content\/uploads\/2024\/12\/palete-1-150x150.png 150w\" sizes=\"(max-width: 500px) 100vw, 500px\" \/>\t\t\t\t\t\t\t\t\t\t\t\t\t\t\t<\/div>\n\t\t\t\t<\/div>\n\t\t\t\t\t<\/div>\n\t\t<\/div>\n\t\t\t\t\t<\/div>\n\t\t<\/section>\n\t\t\t\t<section class=\"elementor-section elementor-top-section elementor-element elementor-element-1bb353a elementor-section-content-top elementor-section-boxed elementor-section-height-default elementor-section-height-default\" data-id=\"1bb353a\" data-element_type=\"section\" data-settings=\"{&quot;background_background&quot;:&quot;classic&quot;}\">\n\t\t\t\t\t\t<div class=\"elementor-container elementor-column-gap-extended\">\n\t\t\t\t\t<div class=\"elementor-column elementor-col-100 elementor-top-column elementor-element elementor-element-de79161\" data-id=\"de79161\" data-element_type=\"column\">\n\t\t\t<div class=\"elementor-widget-wrap elementor-element-populated\">\n\t\t\t\t\t\t<div class=\"elementor-element elementor-element-0f21919 elementor-widget elementor-widget-spacer\" data-id=\"0f21919\" data-element_type=\"widget\" data-widget_type=\"spacer.default\">\n\t\t\t\t<div class=\"elementor-widget-container\">\n\t\t\t\t\t\t\t<div class=\"elementor-spacer\">\n\t\t\t<div class=\"elementor-spacer-inner\"><\/div>\n\t\t<\/div>\n\t\t\t\t\t\t<\/div>\n\t\t\t\t<\/div>\n\t\t\t\t<div class=\"elementor-element elementor-element-b6f4fec animated-slow elementor-invisible elementor-widget elementor-widget-heading\" data-id=\"b6f4fec\" data-element_type=\"widget\" data-settings=\"{&quot;_animation&quot;:&quot;fadeIn&quot;}\" data-widget_type=\"heading.default\">\n\t\t\t\t<div class=\"elementor-widget-container\">\n\t\t\t\t\t<h2 class=\"elementor-heading-title elementor-size-default\">Benef\u00edcios dos Paletes:<\/h2>\t\t\t\t<\/div>\n\t\t\t\t<\/div>\n\t\t\t\t<div class=\"elementor-element elementor-element-a29c2c3 elementor-widget-divider--view-line elementor-widget elementor-widget-divider\" data-id=\"a29c2c3\" data-element_type=\"widget\" data-widget_type=\"divider.default\">\n\t\t\t\t<div class=\"elementor-widget-container\">\n\t\t\t\t\t\t\t<div class=\"elementor-divider\">\n\t\t\t<span class=\"elementor-divider-separator\">\n\t\t\t\t\t\t<\/span>\n\t\t<\/div>\n\t\t\t\t\t\t<\/div>\n\t\t\t\t<\/div>\n\t\t\t\t\t<\/div>\n\t\t<\/div>\n\t\t\t\t\t<\/div>\n\t\t<\/section>\n\t\t\t\t<section class=\"elementor-section elementor-top-section elementor-element elementor-element-fde432f elementor-section-content-top elementor-section-boxed elementor-section-height-default elementor-section-height-default elementor-invisible\" data-id=\"fde432f\" data-element_type=\"section\" data-settings=\"{&quot;animation&quot;:&quot;fadeInUp&quot;}\">\n\t\t\t\t\t\t<div class=\"elementor-container elementor-column-gap-extended\">\n\t\t\t\t\t<div class=\"elementor-column elementor-col-33 elementor-top-column elementor-element elementor-element-ce7dea2\" data-id=\"ce7dea2\" data-element_type=\"column\">\n\t\t\t<div class=\"elementor-widget-wrap elementor-element-populated\">\n\t\t\t\t\t\t<section class=\"elementor-section elementor-inner-section elementor-element elementor-element-180f5c5 elementor-section-content-top elementor-section-boxed elementor-section-height-default elementor-section-height-default\" data-id=\"180f5c5\" data-element_type=\"section\">\n\t\t\t\t\t\t<div class=\"elementor-container elementor-column-gap-extended\">\n\t\t\t\t\t<div class=\"elementor-column elementor-col-100 elementor-inner-column elementor-element elementor-element-dc37641\" data-id=\"dc37641\" data-element_type=\"column\" data-settings=\"{&quot;background_background&quot;:&quot;classic&quot;}\">\n\t\t\t<div class=\"elementor-widget-wrap elementor-element-populated\">\n\t\t\t\t\t\t<div class=\"elementor-element elementor-element-d0c5f37 elementor-widget elementor-widget-heading\" data-id=\"d0c5f37\" data-element_type=\"widget\" data-widget_type=\"heading.default\">\n\t\t\t\t<div class=\"elementor-widget-container\">\n\t\t\t\t\t<h5 class=\"elementor-heading-title elementor-size-default\">Otimiza\u00e7\u00e3o de Log\u00edstica: <\/h5>\t\t\t\t<\/div>\n\t\t\t\t<\/div>\n\t\t\t\t<div class=\"elementor-element elementor-element-35d02ea elementor-widget elementor-widget-text-editor\" data-id=\"35d02ea\" data-element_type=\"widget\" data-widget_type=\"text-editor.default\">\n\t\t\t\t<div class=\"elementor-widget-container\">\n\t\t\t\t\t\t\t\t\t<p>Facilita a movimenta\u00e7\u00e3o e organiza\u00e7\u00e3o de produtos no transporte e armazenamento.<\/p>\t\t\t\t\t\t\t\t<\/div>\n\t\t\t\t<\/div>\n\t\t\t\t\t<\/div>\n\t\t<\/div>\n\t\t\t\t\t<\/div>\n\t\t<\/section>\n\t\t\t\t\t<\/div>\n\t\t<\/div>\n\t\t\t\t<div class=\"elementor-column elementor-col-33 elementor-top-column elementor-element elementor-element-4345334\" data-id=\"4345334\" data-element_type=\"column\">\n\t\t\t<div class=\"elementor-widget-wrap elementor-element-populated\">\n\t\t\t\t\t\t<section class=\"elementor-section elementor-inner-section elementor-element elementor-element-3ff4969 elementor-section-content-top elementor-section-boxed elementor-section-height-default elementor-section-height-default\" data-id=\"3ff4969\" data-element_type=\"section\">\n\t\t\t\t\t\t<div class=\"elementor-container elementor-column-gap-extended\">\n\t\t\t\t\t<div class=\"elementor-column elementor-col-100 elementor-inner-column elementor-element elementor-element-e48f073\" data-id=\"e48f073\" data-element_type=\"column\" data-settings=\"{&quot;background_background&quot;:&quot;classic&quot;}\">\n\t\t\t<div class=\"elementor-widget-wrap elementor-element-populated\">\n\t\t\t\t\t\t<div class=\"elementor-element elementor-element-4edc552 elementor-widget elementor-widget-heading\" data-id=\"4edc552\" data-element_type=\"widget\" data-widget_type=\"heading.default\">\n\t\t\t\t<div class=\"elementor-widget-container\">\n\t\t\t\t\t<h5 class=\"elementor-heading-title elementor-size-default\">Seguran\u00e7a no Manuseio: <\/h5>\t\t\t\t<\/div>\n\t\t\t\t<\/div>\n\t\t\t\t<div class=\"elementor-element elementor-element-3752be8 elementor-widget elementor-widget-text-editor\" data-id=\"3752be8\" data-element_type=\"widget\" data-widget_type=\"text-editor.default\">\n\t\t\t\t<div class=\"elementor-widget-container\">\n\t\t\t\t\t\t\t\t\t<p>Reduz riscos de danos durante o transporte e proporciona maior seguran\u00e7a.<\/p>\t\t\t\t\t\t\t\t<\/div>\n\t\t\t\t<\/div>\n\t\t\t\t\t<\/div>\n\t\t<\/div>\n\t\t\t\t\t<\/div>\n\t\t<\/section>\n\t\t\t\t\t<\/div>\n\t\t<\/div>\n\t\t\t\t<div class=\"elementor-column elementor-col-33 elementor-top-column elementor-element elementor-element-c42ef77\" data-id=\"c42ef77\" data-element_type=\"column\">\n\t\t\t<div class=\"elementor-widget-wrap elementor-element-populated\">\n\t\t\t\t\t\t<section class=\"elementor-section elementor-inner-section elementor-element elementor-element-d3e7ba4 elementor-section-content-top elementor-section-boxed elementor-section-height-default elementor-section-height-default\" data-id=\"d3e7ba4\" data-element_type=\"section\">\n\t\t\t\t\t\t<div class=\"elementor-container elementor-column-gap-extended\">\n\t\t\t\t\t<div class=\"elementor-column elementor-col-100 elementor-inner-column elementor-element elementor-element-934a610\" data-id=\"934a610\" data-element_type=\"column\" data-settings=\"{&quot;background_background&quot;:&quot;classic&quot;}\">\n\t\t\t<div class=\"elementor-widget-wrap elementor-element-populated\">\n\t\t\t\t\t\t<div class=\"elementor-element elementor-element-4d89069 elementor-widget elementor-widget-heading\" data-id=\"4d89069\" data-element_type=\"widget\" data-widget_type=\"heading.default\">\n\t\t\t\t<div class=\"elementor-widget-container\">\n\t\t\t\t\t<h5 class=\"elementor-heading-title elementor-size-default\">Durabilidade<\/h5>\t\t\t\t<\/div>\n\t\t\t\t<\/div>\n\t\t\t\t<div class=\"elementor-element elementor-element-95264c0 elementor-widget elementor-widget-text-editor\" data-id=\"95264c0\" data-element_type=\"widget\" data-widget_type=\"text-editor.default\">\n\t\t\t\t<div class=\"elementor-widget-container\">\n\t\t\t\t\t\t\t\t\t<p>Fabricados com madeira de alta qualidade para suportar condi\u00e7\u00f5es rigorosas de uso.<\/p>\t\t\t\t\t\t\t\t<\/div>\n\t\t\t\t<\/div>\n\t\t\t\t\t<\/div>\n\t\t<\/div>\n\t\t\t\t\t<\/div>\n\t\t<\/section>\n\t\t\t\t\t<\/div>\n\t\t<\/div>\n\t\t\t\t\t<\/div>\n\t\t<\/section>\n\t\t\t\t<section class=\"elementor-section elementor-top-section elementor-element elementor-element-bf96f7d elementor-section-content-top elementor-section-boxed elementor-section-height-default elementor-section-height-default\" data-id=\"bf96f7d\" data-element_type=\"section\">\n\t\t\t\t\t\t<div class=\"elementor-container elementor-column-gap-extended\">\n\t\t\t\t\t<div class=\"elementor-column elementor-col-100 elementor-top-column elementor-element elementor-element-cc975f5\" data-id=\"cc975f5\" data-element_type=\"column\">\n\t\t\t<div class=\"elementor-widget-wrap elementor-element-populated\">\n\t\t\t\t\t\t<div class=\"elementor-element elementor-element-b4e4f38 elementor-button-info elementor-align-center elementor-tablet-align-center elementor-mobile-align-center elementor-widget elementor-widget-button\" data-id=\"b4e4f38\" data-element_type=\"widget\" data-widget_type=\"button.default\">\n\t\t\t\t<div class=\"elementor-widget-container\">\n\t\t\t\t\t\t\t\t\t<div class=\"elementor-button-wrapper\">\n\t\t\t\t\t<a class=\"elementor-button elementor-button-link elementor-size-md elementor-animation-pulse\" href=\"#\">\n\t\t\t\t\t\t<span class=\"elementor-button-content-wrapper\">\n\t\t\t\t\t\t\t\t\t<span class=\"elementor-button-text\">Fale com um Especialista sobre Nossos Paletes<\/span>\n\t\t\t\t\t<\/span>\n\t\t\t\t\t<\/a>\n\t\t\t\t<\/div>\n\t\t\t\t\t\t\t\t<\/div>\n\t\t\t\t<\/div>\n\t\t\t\t\t<\/div>\n\t\t<\/div>\n\t\t\t\t\t<\/div>\n\t\t<\/section>\n\t\t\t\t<\/div>\n\t\t","protected":false},"excerpt":{"rendered":"<p>Paletes Seguran\u00e7a e Efici\u00eancia noTransporte e Armazenamento Paletes Solu\u00e7\u00f5es pr\u00e1ticas para otimizar sua log\u00edstica e proteger suas cargas. Os paletes da Kimadeiras s\u00e3o essenciais para o transporte e armazenamento de cargas, facilitando a log\u00edstica e a seguran\u00e7a no manuseio de materiais. Com um design que permite a locomo\u00e7\u00e3o segura de objetos, nossos paletes tamb\u00e9m evitam [&hellip;]<\/p>\n","protected":false},"author":1,"featured_media":0,"parent":0,"menu_order":0,"comment_status":"closed","ping_status":"closed","template":"elementor_header_footer","meta":{"footnotes":""},"class_list":["post-7366","page","type-page","status-publish","hentry"],"yoast_head":"<!-- This site is optimized with the Yoast SEO plugin v26.4 - https:\/\/yoast.com\/wordpress\/plugins\/seo\/ -->\n<title>Paletes de Madeira - Qualidade e Durabilidade | Kimadeiras<\/title>\n<meta name=\"description\" content=\"Descubra os paletes de madeira da Kimadeiras! Resistentes e ideais para log\u00edstica, transporte e armazenamento. Solicite um or\u00e7amento agora mesmo!\" \/>\n<meta name=\"robots\" content=\"index, follow, max-snippet:-1, max-image-preview:large, max-video-preview:-1\" \/>\n<link rel=\"canonical\" href=\"https:\/\/mondaysites.com.br\/kimadeiras\/paletes\/\" \/>\n<meta property=\"og:locale\" content=\"pt_BR\" \/>\n<meta property=\"og:type\" content=\"article\" \/>\n<meta property=\"og:title\" content=\"Paletes de Madeira - Qualidade e Durabilidade | Kimadeiras\" \/>\n<meta property=\"og:description\" content=\"Descubra os paletes de madeira da Kimadeiras! Resistentes e ideais para log\u00edstica, transporte e armazenamento. Solicite um or\u00e7amento agora mesmo!\" \/>\n<meta property=\"og:url\" content=\"https:\/\/mondaysites.com.br\/kimadeiras\/paletes\/\" \/>\n<meta property=\"og:site_name\" content=\"Kimadeiras\" \/>\n<meta property=\"article:modified_time\" content=\"2025-09-26T20:32:09+00:00\" \/>\n<meta property=\"og:image\" content=\"https:\/\/mondaysites.com.br\/kimadeiras\/wp-content\/uploads\/2024\/12\/palete-1.png\" \/>\n\t<meta property=\"og:image:width\" content=\"500\" \/>\n\t<meta property=\"og:image:height\" content=\"500\" \/>\n\t<meta property=\"og:image:type\" content=\"image\/png\" \/>\n<meta name=\"twitter:card\" content=\"summary_large_image\" \/>\n<meta name=\"twitter:label1\" content=\"Est. tempo de leitura\" \/>\n\t<meta name=\"twitter:data1\" content=\"1 minuto\" \/>\n<script type=\"application\/ld+json\" class=\"yoast-schema-graph\">{\"@context\":\"https:\/\/schema.org\",\"@graph\":[{\"@type\":\"WebPage\",\"@id\":\"https:\/\/mondaysites.com.br\/kimadeiras\/paletes\/\",\"url\":\"https:\/\/mondaysites.com.br\/kimadeiras\/paletes\/\",\"name\":\"Paletes de Madeira - Qualidade e Durabilidade | Kimadeiras\",\"isPartOf\":{\"@id\":\"https:\/\/mondaysites.com.br\/kimadeiras\/#website\"},\"primaryImageOfPage\":{\"@id\":\"https:\/\/mondaysites.com.br\/kimadeiras\/paletes\/#primaryimage\"},\"image\":{\"@id\":\"https:\/\/mondaysites.com.br\/kimadeiras\/paletes\/#primaryimage\"},\"thumbnailUrl\":\"https:\/\/mondaysites.com.br\/kimadeiras\/wp-content\/uploads\/2024\/12\/palete-1.png\",\"datePublished\":\"2024-11-05T19:11:26+00:00\",\"dateModified\":\"2025-09-26T20:32:09+00:00\",\"description\":\"Descubra os paletes de madeira da Kimadeiras! Resistentes e ideais para log\u00edstica, transporte e armazenamento. Solicite um or\u00e7amento agora mesmo!\",\"breadcrumb\":{\"@id\":\"https:\/\/mondaysites.com.br\/kimadeiras\/paletes\/#breadcrumb\"},\"inLanguage\":\"pt-BR\",\"potentialAction\":[{\"@type\":\"ReadAction\",\"target\":[\"https:\/\/mondaysites.com.br\/kimadeiras\/paletes\/\"]}]},{\"@type\":\"ImageObject\",\"inLanguage\":\"pt-BR\",\"@id\":\"https:\/\/mondaysites.com.br\/kimadeiras\/paletes\/#primaryimage\",\"url\":\"https:\/\/mondaysites.com.br\/kimadeiras\/wp-content\/uploads\/2024\/12\/palete-1.png\",\"contentUrl\":\"https:\/\/mondaysites.com.br\/kimadeiras\/wp-content\/uploads\/2024\/12\/palete-1.png\",\"width\":500,\"height\":500},{\"@type\":\"BreadcrumbList\",\"@id\":\"https:\/\/mondaysites.com.br\/kimadeiras\/paletes\/#breadcrumb\",\"itemListElement\":[{\"@type\":\"ListItem\",\"position\":1,\"name\":\"In\u00edcio\",\"item\":\"https:\/\/mondaysites.com.br\/kimadeiras\/\"},{\"@type\":\"ListItem\",\"position\":2,\"name\":\"Paletes\"}]},{\"@type\":\"WebSite\",\"@id\":\"https:\/\/mondaysites.com.br\/kimadeiras\/#website\",\"url\":\"https:\/\/mondaysites.com.br\/kimadeiras\/\",\"name\":\"Kimadeiras\",\"description\":\"\",\"potentialAction\":[{\"@type\":\"SearchAction\",\"target\":{\"@type\":\"EntryPoint\",\"urlTemplate\":\"https:\/\/mondaysites.com.br\/kimadeiras\/?s={search_term_string}\"},\"query-input\":{\"@type\":\"PropertyValueSpecification\",\"valueRequired\":true,\"valueName\":\"search_term_string\"}}],\"inLanguage\":\"pt-BR\"}]}<\/script>\n<!-- \/ Yoast SEO plugin. -->","yoast_head_json":{"title":"Paletes de Madeira - Qualidade e Durabilidade | Kimadeiras","description":"Descubra os paletes de madeira da Kimadeiras! Resistentes e ideais para log\u00edstica, transporte e armazenamento. Solicite um or\u00e7amento agora mesmo!","robots":{"index":"index","follow":"follow","max-snippet":"max-snippet:-1","max-image-preview":"max-image-preview:large","max-video-preview":"max-video-preview:-1"},"canonical":"https:\/\/mondaysites.com.br\/kimadeiras\/paletes\/","og_locale":"pt_BR","og_type":"article","og_title":"Paletes de Madeira - Qualidade e Durabilidade | Kimadeiras","og_description":"Descubra os paletes de madeira da Kimadeiras! Resistentes e ideais para log\u00edstica, transporte e armazenamento. Solicite um or\u00e7amento agora mesmo!","og_url":"https:\/\/mondaysites.com.br\/kimadeiras\/paletes\/","og_site_name":"Kimadeiras","article_modified_time":"2025-09-26T20:32:09+00:00","og_image":[{"width":500,"height":500,"url":"https:\/\/mondaysites.com.br\/kimadeiras\/wp-content\/uploads\/2024\/12\/palete-1.png","type":"image\/png"}],"twitter_card":"summary_large_image","twitter_misc":{"Est. tempo de leitura":"1 minuto"},"schema":{"@context":"https:\/\/schema.org","@graph":[{"@type":"WebPage","@id":"https:\/\/mondaysites.com.br\/kimadeiras\/paletes\/","url":"https:\/\/mondaysites.com.br\/kimadeiras\/paletes\/","name":"Paletes de Madeira - Qualidade e Durabilidade | Kimadeiras","isPartOf":{"@id":"https:\/\/mondaysites.com.br\/kimadeiras\/#website"},"primaryImageOfPage":{"@id":"https:\/\/mondaysites.com.br\/kimadeiras\/paletes\/#primaryimage"},"image":{"@id":"https:\/\/mondaysites.com.br\/kimadeiras\/paletes\/#primaryimage"},"thumbnailUrl":"https:\/\/mondaysites.com.br\/kimadeiras\/wp-content\/uploads\/2024\/12\/palete-1.png","datePublished":"2024-11-05T19:11:26+00:00","dateModified":"2025-09-26T20:32:09+00:00","description":"Descubra os paletes de madeira da Kimadeiras! Resistentes e ideais para log\u00edstica, transporte e armazenamento. Solicite um or\u00e7amento agora mesmo!","breadcrumb":{"@id":"https:\/\/mondaysites.com.br\/kimadeiras\/paletes\/#breadcrumb"},"inLanguage":"pt-BR","potentialAction":[{"@type":"ReadAction","target":["https:\/\/mondaysites.com.br\/kimadeiras\/paletes\/"]}]},{"@type":"ImageObject","inLanguage":"pt-BR","@id":"https:\/\/mondaysites.com.br\/kimadeiras\/paletes\/#primaryimage","url":"https:\/\/mondaysites.com.br\/kimadeiras\/wp-content\/uploads\/2024\/12\/palete-1.png","contentUrl":"https:\/\/mondaysites.com.br\/kimadeiras\/wp-content\/uploads\/2024\/12\/palete-1.png","width":500,"height":500},{"@type":"BreadcrumbList","@id":"https:\/\/mondaysites.com.br\/kimadeiras\/paletes\/#breadcrumb","itemListElement":[{"@type":"ListItem","position":1,"name":"In\u00edcio","item":"https:\/\/mondaysites.com.br\/kimadeiras\/"},{"@type":"ListItem","position":2,"name":"Paletes"}]},{"@type":"WebSite","@id":"https:\/\/mondaysites.com.br\/kimadeiras\/#website","url":"https:\/\/mondaysites.com.br\/kimadeiras\/","name":"Kimadeiras","description":"","potentialAction":[{"@type":"SearchAction","target":{"@type":"EntryPoint","urlTemplate":"https:\/\/mondaysites.com.br\/kimadeiras\/?s={search_term_string}"},"query-input":{"@type":"PropertyValueSpecification","valueRequired":true,"valueName":"search_term_string"}}],"inLanguage":"pt-BR"}]}},"_links":{"self":[{"href":"https:\/\/mondaysites.com.br\/kimadeiras\/wp-json\/wp\/v2\/pages\/7366","targetHints":{"allow":["GET"]}}],"collection":[{"href":"https:\/\/mondaysites.com.br\/kimadeiras\/wp-json\/wp\/v2\/pages"}],"about":[{"href":"https:\/\/mondaysites.com.br\/kimadeiras\/wp-json\/wp\/v2\/types\/page"}],"author":[{"embeddable":true,"href":"https:\/\/mondaysites.com.br\/kimadeiras\/wp-json\/wp\/v2\/users\/1"}],"replies":[{"embeddable":true,"href":"https:\/\/mondaysites.com.br\/kimadeiras\/wp-json\/wp\/v2\/comments?post=7366"}],"version-history":[{"count":49,"href":"https:\/\/mondaysites.com.br\/kimadeiras\/wp-json\/wp\/v2\/pages\/7366\/revisions"}],"predecessor-version":[{"id":8171,"href":"https:\/\/mondaysites.com.br\/kimadeiras\/wp-json\/wp\/v2\/pages\/7366\/revisions\/8171"}],"wp:attachment":[{"href":"https:\/\/mondaysites.com.br\/kimadeiras\/wp-json\/wp\/v2\/media?parent=7366"}],"curies":[{"name":"wp","href":"https:\/\/api.w.org\/{rel}","templated":true}]}}