{"id":7367,"date":"2024-11-05T16:11:39","date_gmt":"2024-11-05T19:11:39","guid":{"rendered":"https:\/\/mondaysites.com.br\/kimadeiras\/?page_id=7367"},"modified":"2025-09-26T17:34:34","modified_gmt":"2025-09-26T20:34:34","slug":"embalagens","status":"publish","type":"page","link":"https:\/\/mondaysites.com.br\/kimadeiras\/embalagens\/","title":{"rendered":"Embalagens"},"content":{"rendered":"\t\t<div data-elementor-type=\"wp-page\" data-elementor-id=\"7367\" class=\"elementor elementor-7367\">\n\t\t\t\t\t\t<section class=\"elementor-section elementor-top-section elementor-element elementor-element-1f322526 elementor-section-content-top elementor-section-height-full elementor-section-boxed elementor-section-height-default elementor-section-items-middle\" data-id=\"1f322526\" data-element_type=\"section\" data-settings=\"{&quot;background_background&quot;:&quot;classic&quot;,&quot;background_motion_fx_motion_fx_scrolling&quot;:&quot;yes&quot;,&quot;background_motion_fx_translateY_effect&quot;:&quot;yes&quot;,&quot;background_motion_fx_translateY_speed&quot;:{&quot;unit&quot;:&quot;px&quot;,&quot;size&quot;:4,&quot;sizes&quot;:[]},&quot;background_motion_fx_translateY_affectedRange&quot;:{&quot;unit&quot;:&quot;%&quot;,&quot;size&quot;:&quot;&quot;,&quot;sizes&quot;:{&quot;start&quot;:0,&quot;end&quot;:100}},&quot;background_motion_fx_devices&quot;:[&quot;desktop&quot;,&quot;tablet&quot;,&quot;mobile&quot;]}\">\n\t\t\t\t\t\t\t<div class=\"elementor-background-overlay\"><\/div>\n\t\t\t\t\t\t\t<div class=\"elementor-container elementor-column-gap-extended\">\n\t\t\t\t\t<div class=\"elementor-column elementor-col-100 elementor-top-column elementor-element elementor-element-386bb724\" data-id=\"386bb724\" data-element_type=\"column\">\n\t\t\t<div class=\"elementor-widget-wrap elementor-element-populated\">\n\t\t\t\t\t\t<div class=\"elementor-element elementor-element-d63f487 elementor-widget elementor-widget-heading\" data-id=\"d63f487\" data-element_type=\"widget\" data-widget_type=\"heading.default\">\n\t\t\t\t<div class=\"elementor-widget-container\">\n\t\t\t\t\t<h1 class=\"elementor-heading-title elementor-size-default\">Embalagens de Madeira<\/h1>\t\t\t\t<\/div>\n\t\t\t\t<\/div>\n\t\t\t\t<div class=\"elementor-element elementor-element-4a1dabae elementor-widget elementor-widget-heading\" data-id=\"4a1dabae\" data-element_type=\"widget\" data-widget_type=\"heading.default\">\n\t\t\t\t<div class=\"elementor-widget-container\">\n\t\t\t\t\t<h1 class=\"elementor-heading-title elementor-size-default\">Qualidade que preserva a integridade de cada produto, do armazenamento ao destino final.<\/h1>\t\t\t\t<\/div>\n\t\t\t\t<\/div>\n\t\t\t\t<div class=\"elementor-element elementor-element-6c8a99fb elementor-widget elementor-widget-spacer\" data-id=\"6c8a99fb\" data-element_type=\"widget\" data-widget_type=\"spacer.default\">\n\t\t\t\t<div class=\"elementor-widget-container\">\n\t\t\t\t\t\t\t<div class=\"elementor-spacer\">\n\t\t\t<div class=\"elementor-spacer-inner\"><\/div>\n\t\t<\/div>\n\t\t\t\t\t\t<\/div>\n\t\t\t\t<\/div>\n\t\t\t\t\t<\/div>\n\t\t<\/div>\n\t\t\t\t\t<\/div>\n\t\t<\/section>\n\t\t\t\t<section class=\"elementor-section elementor-top-section elementor-element elementor-element-578985fd elementor-section-content-top elementor-reverse-tablet elementor-reverse-mobile elementor-section-boxed elementor-section-height-default elementor-section-height-default\" data-id=\"578985fd\" data-element_type=\"section\" data-settings=\"{&quot;background_background&quot;:&quot;classic&quot;}\">\n\t\t\t\t\t\t<div class=\"elementor-container elementor-column-gap-wider\">\n\t\t\t\t\t<div class=\"elementor-column elementor-col-50 elementor-top-column elementor-element elementor-element-59ed04f2\" data-id=\"59ed04f2\" data-element_type=\"column\">\n\t\t\t<div class=\"elementor-widget-wrap elementor-element-populated\">\n\t\t\t\t\t\t<div class=\"elementor-element elementor-element-6d7aef3 elementor-invisible elementor-widget elementor-widget-heading\" data-id=\"6d7aef3\" data-element_type=\"widget\" data-settings=\"{&quot;_animation&quot;:&quot;fadeInLeft&quot;}\" data-widget_type=\"heading.default\">\n\t\t\t\t<div class=\"elementor-widget-container\">\n\t\t\t\t\t<p class=\"elementor-heading-title elementor-size-default\">Embalagens <\/p>\t\t\t\t<\/div>\n\t\t\t\t<\/div>\n\t\t\t\t<div class=\"elementor-element elementor-element-7abf1493 elementor-widget elementor-widget-spacer\" data-id=\"7abf1493\" data-element_type=\"widget\" data-widget_type=\"spacer.default\">\n\t\t\t\t<div class=\"elementor-widget-container\">\n\t\t\t\t\t\t\t<div class=\"elementor-spacer\">\n\t\t\t<div class=\"elementor-spacer-inner\"><\/div>\n\t\t<\/div>\n\t\t\t\t\t\t<\/div>\n\t\t\t\t<\/div>\n\t\t\t\t<div class=\"elementor-element elementor-element-cc4a376 elementor-widget elementor-widget-heading\" data-id=\"cc4a376\" data-element_type=\"widget\" data-widget_type=\"heading.default\">\n\t\t\t\t<div class=\"elementor-widget-container\">\n\t\t\t\t\t<h2 class=\"elementor-heading-title elementor-size-default\">Prote\u00e7\u00e3o e Precis\u00e3o para o Transporte<\/h2>\t\t\t\t<\/div>\n\t\t\t\t<\/div>\n\t\t\t\t<div class=\"elementor-element elementor-element-49efc5c6 elementor-widget elementor-widget-spacer\" data-id=\"49efc5c6\" data-element_type=\"widget\" data-widget_type=\"spacer.default\">\n\t\t\t\t<div class=\"elementor-widget-container\">\n\t\t\t\t\t\t\t<div class=\"elementor-spacer\">\n\t\t\t<div class=\"elementor-spacer-inner\"><\/div>\n\t\t<\/div>\n\t\t\t\t\t\t<\/div>\n\t\t\t\t<\/div>\n\t\t\t\t<div class=\"elementor-element elementor-element-5637b569 elementor-widget elementor-widget-text-editor\" data-id=\"5637b569\" data-element_type=\"widget\" data-widget_type=\"text-editor.default\">\n\t\t\t\t<div class=\"elementor-widget-container\">\n\t\t\t\t\t\t\t\t\t<p>As embalagens de madeira da Kimadeiras s\u00e3o projetadas para acondicionar produtos com m\u00e1xima precis\u00e3o e seguran\u00e7a. Utilizadas no transporte e armazenamento, nossas embalagens garantem que suas cargas estejam protegidas contra impactos e permitam empilhamento seguro. Com um hist\u00f3rico de qualidade e confian\u00e7a, a Kimadeiras preza pela precis\u00e3o nas medidas e pela excel\u00eancia no material utilizado.<\/p>\t\t\t\t\t\t\t\t<\/div>\n\t\t\t\t<\/div>\n\t\t\t\t<div class=\"elementor-element elementor-element-4ca8827f elementor-widget elementor-widget-spacer\" data-id=\"4ca8827f\" data-element_type=\"widget\" data-widget_type=\"spacer.default\">\n\t\t\t\t<div class=\"elementor-widget-container\">\n\t\t\t\t\t\t\t<div class=\"elementor-spacer\">\n\t\t\t<div class=\"elementor-spacer-inner\"><\/div>\n\t\t<\/div>\n\t\t\t\t\t\t<\/div>\n\t\t\t\t<\/div>\n\t\t\t\t\t<\/div>\n\t\t<\/div>\n\t\t\t\t<div class=\"elementor-column elementor-col-50 elementor-top-column elementor-element elementor-element-6e37eb39\" data-id=\"6e37eb39\" data-element_type=\"column\">\n\t\t\t<div class=\"elementor-widget-wrap elementor-element-populated\">\n\t\t\t\t\t\t<div class=\"elementor-element elementor-element-2cc1c491 elementor-invisible elementor-widget elementor-widget-image\" data-id=\"2cc1c491\" data-element_type=\"widget\" data-settings=\"{&quot;_animation&quot;:&quot;fadeInRight&quot;}\" data-widget_type=\"image.default\">\n\t\t\t\t<div class=\"elementor-widget-container\">\n\t\t\t\t\t\t\t\t\t\t\t\t\t\t\t<img fetchpriority=\"high\" decoding=\"async\" width=\"500\" height=\"500\" src=\"https:\/\/mondaysites.com.br\/kimadeiras\/wp-content\/uploads\/2024\/12\/emba.png\" class=\"attachment-large size-large wp-image-7627\" alt=\"\" srcset=\"https:\/\/mondaysites.com.br\/kimadeiras\/wp-content\/uploads\/2024\/12\/emba.png 500w, https:\/\/mondaysites.com.br\/kimadeiras\/wp-content\/uploads\/2024\/12\/emba-300x300.png 300w, https:\/\/mondaysites.com.br\/kimadeiras\/wp-content\/uploads\/2024\/12\/emba-150x150.png 150w\" sizes=\"(max-width: 500px) 100vw, 500px\" \/>\t\t\t\t\t\t\t\t\t\t\t\t\t\t\t<\/div>\n\t\t\t\t<\/div>\n\t\t\t\t\t<\/div>\n\t\t<\/div>\n\t\t\t\t\t<\/div>\n\t\t<\/section>\n\t\t\t\t<section class=\"elementor-section elementor-top-section elementor-element elementor-element-7fbde7f7 elementor-section-content-top elementor-section-boxed elementor-section-height-default elementor-section-height-default\" data-id=\"7fbde7f7\" data-element_type=\"section\" data-settings=\"{&quot;background_background&quot;:&quot;classic&quot;}\">\n\t\t\t\t\t\t\t<div class=\"elementor-background-overlay\"><\/div>\n\t\t\t\t\t\t\t<div class=\"elementor-container elementor-column-gap-extended\">\n\t\t\t\t\t<div class=\"elementor-column elementor-col-100 elementor-top-column elementor-element elementor-element-82f1fbd\" data-id=\"82f1fbd\" data-element_type=\"column\">\n\t\t\t<div class=\"elementor-widget-wrap elementor-element-populated\">\n\t\t\t\t\t\t<div class=\"elementor-element elementor-element-d216fc4 elementor-widget elementor-widget-spacer\" data-id=\"d216fc4\" data-element_type=\"widget\" data-widget_type=\"spacer.default\">\n\t\t\t\t<div class=\"elementor-widget-container\">\n\t\t\t\t\t\t\t<div class=\"elementor-spacer\">\n\t\t\t<div class=\"elementor-spacer-inner\"><\/div>\n\t\t<\/div>\n\t\t\t\t\t\t<\/div>\n\t\t\t\t<\/div>\n\t\t\t\t<div class=\"elementor-element elementor-element-6d144e47 elementor-widget elementor-widget-heading\" data-id=\"6d144e47\" data-element_type=\"widget\" data-widget_type=\"heading.default\">\n\t\t\t\t<div class=\"elementor-widget-container\">\n\t\t\t\t\t<h2 class=\"elementor-heading-title elementor-size-default\">Benef\u00edcios das Embalagens:<\/h2>\t\t\t\t<\/div>\n\t\t\t\t<\/div>\n\t\t\t\t<div class=\"elementor-element elementor-element-5ccdde24 elementor-widget-divider--view-line elementor-widget elementor-widget-divider\" data-id=\"5ccdde24\" data-element_type=\"widget\" data-widget_type=\"divider.default\">\n\t\t\t\t<div class=\"elementor-widget-container\">\n\t\t\t\t\t\t\t<div class=\"elementor-divider\">\n\t\t\t<span class=\"elementor-divider-separator\">\n\t\t\t\t\t\t<\/span>\n\t\t<\/div>\n\t\t\t\t\t\t<\/div>\n\t\t\t\t<\/div>\n\t\t\t\t\t<\/div>\n\t\t<\/div>\n\t\t\t\t\t<\/div>\n\t\t<\/section>\n\t\t\t\t<section class=\"elementor-section elementor-top-section elementor-element elementor-element-717060d5 elementor-section-content-top elementor-section-boxed elementor-section-height-default elementor-section-height-default elementor-invisible\" data-id=\"717060d5\" data-element_type=\"section\" data-settings=\"{&quot;animation&quot;:&quot;fadeInUp&quot;}\">\n\t\t\t\t\t\t<div class=\"elementor-container elementor-column-gap-extended\">\n\t\t\t\t\t<div class=\"elementor-column elementor-col-33 elementor-top-column elementor-element elementor-element-6bd6ab39\" data-id=\"6bd6ab39\" data-element_type=\"column\">\n\t\t\t<div class=\"elementor-widget-wrap elementor-element-populated\">\n\t\t\t\t\t\t<section class=\"elementor-section elementor-inner-section elementor-element elementor-element-7e3d2c9d elementor-section-content-top elementor-section-boxed elementor-section-height-default elementor-section-height-default\" data-id=\"7e3d2c9d\" data-element_type=\"section\">\n\t\t\t\t\t\t<div class=\"elementor-container elementor-column-gap-extended\">\n\t\t\t\t\t<div class=\"elementor-column elementor-col-100 elementor-inner-column elementor-element elementor-element-5f2e8f9e\" data-id=\"5f2e8f9e\" data-element_type=\"column\" data-settings=\"{&quot;background_background&quot;:&quot;classic&quot;}\">\n\t\t\t<div class=\"elementor-widget-wrap elementor-element-populated\">\n\t\t\t\t\t\t<div class=\"elementor-element elementor-element-725c5eba elementor-widget elementor-widget-heading\" data-id=\"725c5eba\" data-element_type=\"widget\" data-widget_type=\"heading.default\">\n\t\t\t\t<div class=\"elementor-widget-container\">\n\t\t\t\t\t<h5 class=\"elementor-heading-title elementor-size-default\">Prote\u00e7\u00e3o Total: <\/h5>\t\t\t\t<\/div>\n\t\t\t\t<\/div>\n\t\t\t\t<div class=\"elementor-element elementor-element-65b92fb6 elementor-widget elementor-widget-text-editor\" data-id=\"65b92fb6\" data-element_type=\"widget\" data-widget_type=\"text-editor.default\">\n\t\t\t\t<div class=\"elementor-widget-container\">\n\t\t\t\t\t\t\t\t\t<p>Acondiciona produtos de forma segura e evita danos durante o transporte.<\/p>\t\t\t\t\t\t\t\t<\/div>\n\t\t\t\t<\/div>\n\t\t\t\t\t<\/div>\n\t\t<\/div>\n\t\t\t\t\t<\/div>\n\t\t<\/section>\n\t\t\t\t\t<\/div>\n\t\t<\/div>\n\t\t\t\t<div class=\"elementor-column elementor-col-33 elementor-top-column elementor-element elementor-element-857d241\" data-id=\"857d241\" data-element_type=\"column\">\n\t\t\t<div class=\"elementor-widget-wrap elementor-element-populated\">\n\t\t\t\t\t\t<section class=\"elementor-section elementor-inner-section elementor-element elementor-element-2ed47d55 elementor-section-content-top elementor-section-boxed elementor-section-height-default elementor-section-height-default\" data-id=\"2ed47d55\" data-element_type=\"section\">\n\t\t\t\t\t\t<div class=\"elementor-container elementor-column-gap-extended\">\n\t\t\t\t\t<div class=\"elementor-column elementor-col-100 elementor-inner-column elementor-element elementor-element-8529af8\" data-id=\"8529af8\" data-element_type=\"column\" data-settings=\"{&quot;background_background&quot;:&quot;classic&quot;}\">\n\t\t\t<div class=\"elementor-widget-wrap elementor-element-populated\">\n\t\t\t\t\t\t<div class=\"elementor-element elementor-element-75a2a3a0 elementor-widget elementor-widget-heading\" data-id=\"75a2a3a0\" data-element_type=\"widget\" data-widget_type=\"heading.default\">\n\t\t\t\t<div class=\"elementor-widget-container\">\n\t\t\t\t\t<h5 class=\"elementor-heading-title elementor-size-default\">Empilhamento Seguro<\/h5>\t\t\t\t<\/div>\n\t\t\t\t<\/div>\n\t\t\t\t<div class=\"elementor-element elementor-element-7ead2374 elementor-widget elementor-widget-text-editor\" data-id=\"7ead2374\" data-element_type=\"widget\" data-widget_type=\"text-editor.default\">\n\t\t\t\t<div class=\"elementor-widget-container\">\n\t\t\t\t\t\t\t\t\t<p>Permite o armazenamento em camadas, otimizando o espa\u00e7o.<\/p>\t\t\t\t\t\t\t\t<\/div>\n\t\t\t\t<\/div>\n\t\t\t\t\t<\/div>\n\t\t<\/div>\n\t\t\t\t\t<\/div>\n\t\t<\/section>\n\t\t\t\t\t<\/div>\n\t\t<\/div>\n\t\t\t\t<div class=\"elementor-column elementor-col-33 elementor-top-column elementor-element elementor-element-53f42734\" data-id=\"53f42734\" data-element_type=\"column\">\n\t\t\t<div class=\"elementor-widget-wrap elementor-element-populated\">\n\t\t\t\t\t\t<section class=\"elementor-section elementor-inner-section elementor-element elementor-element-615b12 elementor-section-content-top elementor-section-boxed elementor-section-height-default elementor-section-height-default\" data-id=\"615b12\" data-element_type=\"section\">\n\t\t\t\t\t\t<div class=\"elementor-container elementor-column-gap-extended\">\n\t\t\t\t\t<div class=\"elementor-column elementor-col-100 elementor-inner-column elementor-element elementor-element-f1ece82\" data-id=\"f1ece82\" data-element_type=\"column\" data-settings=\"{&quot;background_background&quot;:&quot;classic&quot;}\">\n\t\t\t<div class=\"elementor-widget-wrap elementor-element-populated\">\n\t\t\t\t\t\t<div class=\"elementor-element elementor-element-36d82087 elementor-widget elementor-widget-heading\" data-id=\"36d82087\" data-element_type=\"widget\" data-widget_type=\"heading.default\">\n\t\t\t\t<div class=\"elementor-widget-container\">\n\t\t\t\t\t<h5 class=\"elementor-heading-title elementor-size-default\">Qualidade e Precis\u00e3o: <\/h5>\t\t\t\t<\/div>\n\t\t\t\t<\/div>\n\t\t\t\t<div class=\"elementor-element elementor-element-44d46df5 elementor-widget elementor-widget-text-editor\" data-id=\"44d46df5\" data-element_type=\"widget\" data-widget_type=\"text-editor.default\">\n\t\t\t\t<div class=\"elementor-widget-container\">\n\t\t\t\t\t\t\t\t\t<p>Cada embalagem \u00e9 feita sob medida, com qualidade comprovada.<\/p>\t\t\t\t\t\t\t\t<\/div>\n\t\t\t\t<\/div>\n\t\t\t\t\t<\/div>\n\t\t<\/div>\n\t\t\t\t\t<\/div>\n\t\t<\/section>\n\t\t\t\t\t<\/div>\n\t\t<\/div>\n\t\t\t\t\t<\/div>\n\t\t<\/section>\n\t\t\t\t<section class=\"elementor-section elementor-top-section elementor-element elementor-element-74e1ed48 elementor-section-content-top elementor-section-boxed elementor-section-height-default elementor-section-height-default\" data-id=\"74e1ed48\" data-element_type=\"section\">\n\t\t\t\t\t\t<div class=\"elementor-container elementor-column-gap-extended\">\n\t\t\t\t\t<div class=\"elementor-column elementor-col-100 elementor-top-column elementor-element elementor-element-36ae5e20\" data-id=\"36ae5e20\" data-element_type=\"column\">\n\t\t\t<div class=\"elementor-widget-wrap elementor-element-populated\">\n\t\t\t\t\t\t<div class=\"elementor-element elementor-element-36960b10 elementor-button-info elementor-align-center elementor-tablet-align-center elementor-mobile-align-center elementor-widget elementor-widget-button\" data-id=\"36960b10\" data-element_type=\"widget\" data-widget_type=\"button.default\">\n\t\t\t\t<div class=\"elementor-widget-container\">\n\t\t\t\t\t\t\t\t\t<div class=\"elementor-button-wrapper\">\n\t\t\t\t\t<a class=\"elementor-button elementor-button-link elementor-size-md\" href=\"#\">\n\t\t\t\t\t\t<span class=\"elementor-button-content-wrapper\">\n\t\t\t\t\t\t\t\t\t<span class=\"elementor-button-text\">Solicite um Or\u00e7amento para Nossas Embalagens<\/span>\n\t\t\t\t\t<\/span>\n\t\t\t\t\t<\/a>\n\t\t\t\t<\/div>\n\t\t\t\t\t\t\t\t<\/div>\n\t\t\t\t<\/div>\n\t\t\t\t\t<\/div>\n\t\t<\/div>\n\t\t\t\t\t<\/div>\n\t\t<\/section>\n\t\t\t\t<\/div>\n\t\t","protected":false},"excerpt":{"rendered":"<p>Embalagens de Madeira Qualidade que preserva a integridade de cada produto, do armazenamento ao destino final. Embalagens Prote\u00e7\u00e3o e Precis\u00e3o para o Transporte As embalagens de madeira da Kimadeiras s\u00e3o projetadas para acondicionar produtos com m\u00e1xima precis\u00e3o e seguran\u00e7a. Utilizadas no transporte e armazenamento, nossas embalagens garantem que suas cargas estejam protegidas contra impactos e [&hellip;]<\/p>\n","protected":false},"author":1,"featured_media":0,"parent":0,"menu_order":0,"comment_status":"closed","ping_status":"closed","template":"elementor_header_footer","meta":{"footnotes":""},"class_list":["post-7367","page","type-page","status-publish","hentry"],"yoast_head":"<!-- This site is optimized with the Yoast SEO plugin v26.4 - https:\/\/yoast.com\/wordpress\/plugins\/seo\/ -->\n<title>Embalagens de Madeira Personalizadas - Qualidade e Seguran\u00e7a | Kimadeiras<\/title>\n<meta name=\"description\" content=\"Conhe\u00e7a as embalagens de madeira da Kimadeiras! Produtos resistentes e personalizados para proteger mercadorias com seguran\u00e7a. Solicite um or\u00e7amento!\" \/>\n<meta name=\"robots\" content=\"index, follow, max-snippet:-1, max-image-preview:large, max-video-preview:-1\" \/>\n<link rel=\"canonical\" href=\"https:\/\/mondaysites.com.br\/kimadeiras\/embalagens\/\" \/>\n<meta property=\"og:locale\" content=\"pt_BR\" \/>\n<meta property=\"og:type\" content=\"article\" \/>\n<meta property=\"og:title\" content=\"Embalagens de Madeira Personalizadas - Qualidade e Seguran\u00e7a | Kimadeiras\" \/>\n<meta property=\"og:description\" content=\"Conhe\u00e7a as embalagens de madeira da Kimadeiras! Produtos resistentes e personalizados para proteger mercadorias com seguran\u00e7a. Solicite um or\u00e7amento!\" \/>\n<meta property=\"og:url\" content=\"https:\/\/mondaysites.com.br\/kimadeiras\/embalagens\/\" \/>\n<meta property=\"og:site_name\" content=\"Kimadeiras\" \/>\n<meta property=\"article:modified_time\" content=\"2025-09-26T20:34:34+00:00\" \/>\n<meta property=\"og:image\" content=\"https:\/\/mondaysites.com.br\/kimadeiras\/wp-content\/uploads\/2024\/12\/emba.png\" \/>\n\t<meta property=\"og:image:width\" content=\"500\" \/>\n\t<meta property=\"og:image:height\" content=\"500\" \/>\n\t<meta property=\"og:image:type\" content=\"image\/png\" \/>\n<meta name=\"twitter:card\" content=\"summary_large_image\" \/>\n<meta name=\"twitter:label1\" content=\"Est. tempo de leitura\" \/>\n\t<meta name=\"twitter:data1\" content=\"1 minuto\" \/>\n<script type=\"application\/ld+json\" class=\"yoast-schema-graph\">{\"@context\":\"https:\/\/schema.org\",\"@graph\":[{\"@type\":\"WebPage\",\"@id\":\"https:\/\/mondaysites.com.br\/kimadeiras\/embalagens\/\",\"url\":\"https:\/\/mondaysites.com.br\/kimadeiras\/embalagens\/\",\"name\":\"Embalagens de Madeira Personalizadas - Qualidade e Seguran\u00e7a | Kimadeiras\",\"isPartOf\":{\"@id\":\"https:\/\/mondaysites.com.br\/kimadeiras\/#website\"},\"primaryImageOfPage\":{\"@id\":\"https:\/\/mondaysites.com.br\/kimadeiras\/embalagens\/#primaryimage\"},\"image\":{\"@id\":\"https:\/\/mondaysites.com.br\/kimadeiras\/embalagens\/#primaryimage\"},\"thumbnailUrl\":\"https:\/\/mondaysites.com.br\/kimadeiras\/wp-content\/uploads\/2024\/12\/emba.png\",\"datePublished\":\"2024-11-05T19:11:39+00:00\",\"dateModified\":\"2025-09-26T20:34:34+00:00\",\"description\":\"Conhe\u00e7a as embalagens de madeira da Kimadeiras! Produtos resistentes e personalizados para proteger mercadorias com seguran\u00e7a. Solicite um or\u00e7amento!\",\"breadcrumb\":{\"@id\":\"https:\/\/mondaysites.com.br\/kimadeiras\/embalagens\/#breadcrumb\"},\"inLanguage\":\"pt-BR\",\"potentialAction\":[{\"@type\":\"ReadAction\",\"target\":[\"https:\/\/mondaysites.com.br\/kimadeiras\/embalagens\/\"]}]},{\"@type\":\"ImageObject\",\"inLanguage\":\"pt-BR\",\"@id\":\"https:\/\/mondaysites.com.br\/kimadeiras\/embalagens\/#primaryimage\",\"url\":\"https:\/\/mondaysites.com.br\/kimadeiras\/wp-content\/uploads\/2024\/12\/emba.png\",\"contentUrl\":\"https:\/\/mondaysites.com.br\/kimadeiras\/wp-content\/uploads\/2024\/12\/emba.png\",\"width\":500,\"height\":500},{\"@type\":\"BreadcrumbList\",\"@id\":\"https:\/\/mondaysites.com.br\/kimadeiras\/embalagens\/#breadcrumb\",\"itemListElement\":[{\"@type\":\"ListItem\",\"position\":1,\"name\":\"In\u00edcio\",\"item\":\"https:\/\/mondaysites.com.br\/kimadeiras\/\"},{\"@type\":\"ListItem\",\"position\":2,\"name\":\"Embalagens\"}]},{\"@type\":\"WebSite\",\"@id\":\"https:\/\/mondaysites.com.br\/kimadeiras\/#website\",\"url\":\"https:\/\/mondaysites.com.br\/kimadeiras\/\",\"name\":\"Kimadeiras\",\"description\":\"\",\"potentialAction\":[{\"@type\":\"SearchAction\",\"target\":{\"@type\":\"EntryPoint\",\"urlTemplate\":\"https:\/\/mondaysites.com.br\/kimadeiras\/?s={search_term_string}\"},\"query-input\":{\"@type\":\"PropertyValueSpecification\",\"valueRequired\":true,\"valueName\":\"search_term_string\"}}],\"inLanguage\":\"pt-BR\"}]}<\/script>\n<!-- \/ Yoast SEO plugin. -->","yoast_head_json":{"title":"Embalagens de Madeira Personalizadas - Qualidade e Seguran\u00e7a | Kimadeiras","description":"Conhe\u00e7a as embalagens de madeira da Kimadeiras! Produtos resistentes e personalizados para proteger mercadorias com seguran\u00e7a. Solicite um or\u00e7amento!","robots":{"index":"index","follow":"follow","max-snippet":"max-snippet:-1","max-image-preview":"max-image-preview:large","max-video-preview":"max-video-preview:-1"},"canonical":"https:\/\/mondaysites.com.br\/kimadeiras\/embalagens\/","og_locale":"pt_BR","og_type":"article","og_title":"Embalagens de Madeira Personalizadas - Qualidade e Seguran\u00e7a | Kimadeiras","og_description":"Conhe\u00e7a as embalagens de madeira da Kimadeiras! Produtos resistentes e personalizados para proteger mercadorias com seguran\u00e7a. Solicite um or\u00e7amento!","og_url":"https:\/\/mondaysites.com.br\/kimadeiras\/embalagens\/","og_site_name":"Kimadeiras","article_modified_time":"2025-09-26T20:34:34+00:00","og_image":[{"width":500,"height":500,"url":"https:\/\/mondaysites.com.br\/kimadeiras\/wp-content\/uploads\/2024\/12\/emba.png","type":"image\/png"}],"twitter_card":"summary_large_image","twitter_misc":{"Est. tempo de leitura":"1 minuto"},"schema":{"@context":"https:\/\/schema.org","@graph":[{"@type":"WebPage","@id":"https:\/\/mondaysites.com.br\/kimadeiras\/embalagens\/","url":"https:\/\/mondaysites.com.br\/kimadeiras\/embalagens\/","name":"Embalagens de Madeira Personalizadas - Qualidade e Seguran\u00e7a | Kimadeiras","isPartOf":{"@id":"https:\/\/mondaysites.com.br\/kimadeiras\/#website"},"primaryImageOfPage":{"@id":"https:\/\/mondaysites.com.br\/kimadeiras\/embalagens\/#primaryimage"},"image":{"@id":"https:\/\/mondaysites.com.br\/kimadeiras\/embalagens\/#primaryimage"},"thumbnailUrl":"https:\/\/mondaysites.com.br\/kimadeiras\/wp-content\/uploads\/2024\/12\/emba.png","datePublished":"2024-11-05T19:11:39+00:00","dateModified":"2025-09-26T20:34:34+00:00","description":"Conhe\u00e7a as embalagens de madeira da Kimadeiras! Produtos resistentes e personalizados para proteger mercadorias com seguran\u00e7a. Solicite um or\u00e7amento!","breadcrumb":{"@id":"https:\/\/mondaysites.com.br\/kimadeiras\/embalagens\/#breadcrumb"},"inLanguage":"pt-BR","potentialAction":[{"@type":"ReadAction","target":["https:\/\/mondaysites.com.br\/kimadeiras\/embalagens\/"]}]},{"@type":"ImageObject","inLanguage":"pt-BR","@id":"https:\/\/mondaysites.com.br\/kimadeiras\/embalagens\/#primaryimage","url":"https:\/\/mondaysites.com.br\/kimadeiras\/wp-content\/uploads\/2024\/12\/emba.png","contentUrl":"https:\/\/mondaysites.com.br\/kimadeiras\/wp-content\/uploads\/2024\/12\/emba.png","width":500,"height":500},{"@type":"BreadcrumbList","@id":"https:\/\/mondaysites.com.br\/kimadeiras\/embalagens\/#breadcrumb","itemListElement":[{"@type":"ListItem","position":1,"name":"In\u00edcio","item":"https:\/\/mondaysites.com.br\/kimadeiras\/"},{"@type":"ListItem","position":2,"name":"Embalagens"}]},{"@type":"WebSite","@id":"https:\/\/mondaysites.com.br\/kimadeiras\/#website","url":"https:\/\/mondaysites.com.br\/kimadeiras\/","name":"Kimadeiras","description":"","potentialAction":[{"@type":"SearchAction","target":{"@type":"EntryPoint","urlTemplate":"https:\/\/mondaysites.com.br\/kimadeiras\/?s={search_term_string}"},"query-input":{"@type":"PropertyValueSpecification","valueRequired":true,"valueName":"search_term_string"}}],"inLanguage":"pt-BR"}]}},"_links":{"self":[{"href":"https:\/\/mondaysites.com.br\/kimadeiras\/wp-json\/wp\/v2\/pages\/7367","targetHints":{"allow":["GET"]}}],"collection":[{"href":"https:\/\/mondaysites.com.br\/kimadeiras\/wp-json\/wp\/v2\/pages"}],"about":[{"href":"https:\/\/mondaysites.com.br\/kimadeiras\/wp-json\/wp\/v2\/types\/page"}],"author":[{"embeddable":true,"href":"https:\/\/mondaysites.com.br\/kimadeiras\/wp-json\/wp\/v2\/users\/1"}],"replies":[{"embeddable":true,"href":"https:\/\/mondaysites.com.br\/kimadeiras\/wp-json\/wp\/v2\/comments?post=7367"}],"version-history":[{"count":34,"href":"https:\/\/mondaysites.com.br\/kimadeiras\/wp-json\/wp\/v2\/pages\/7367\/revisions"}],"predecessor-version":[{"id":8177,"href":"https:\/\/mondaysites.com.br\/kimadeiras\/wp-json\/wp\/v2\/pages\/7367\/revisions\/8177"}],"wp:attachment":[{"href":"https:\/\/mondaysites.com.br\/kimadeiras\/wp-json\/wp\/v2\/media?parent=7367"}],"curies":[{"name":"wp","href":"https:\/\/api.w.org\/{rel}","templated":true}]}}